{"id":250005,"date":"2022-09-27T14:57:04","date_gmt":"2022-09-27T13:57:04","guid":{"rendered":"https:\/\/c-meet.es\/2022\/?page_id=250005"},"modified":"2022-09-29T07:13:34","modified_gmt":"2022-09-29T06:13:34","slug":"streaming","status":"publish","type":"page","link":"https:\/\/c-meet.es\/2022\/streaming\/","title":{"rendered":"Streaming"},"content":{"rendered":"<p>[et_pb_section fb_built=\u00bb1&#8243; admin_label=\u00bbNews\u00bb _builder_version=\u00bb4.18.0&#8243; _module_preset=\u00bbdefault\u00bb background_enable_color=\u00bboff\u00bb background_enable_video_mp4=\u00bboff\u00bb width=\u00bb100%\u00bb width_tablet=\u00bb1440px\u00bb width_phone=\u00bbauto\u00bb width_last_edited=\u00bbon|phone\u00bb max_width=\u00bb1440px\u00bb max_width_tablet=\u00bb1440px\u00bb max_width_phone=\u00bb\u00bb max_width_last_edited=\u00bbon|phone\u00bb custom_margin=\u00bb0px|auto|0px|auto|false|false\u00bb custom_padding=\u00bb0px||0px||false|false\u00bb global_colors_info=\u00bb{}\u00bb][et_pb_row custom_padding_last_edited=\u00bbon|desktop\u00bb _builder_version=\u00bb4.18.0&#8243; _module_preset=\u00bbdefault\u00bb custom_margin=\u00bb0px|auto|0px|auto|false|false\u00bb custom_padding=\u00bb0px|20px|0px|20px|false|false\u00bb custom_padding_tablet=\u00bb20px|20px|20px|20px|false|false\u00bb custom_padding_phone=\u00bb||||false|false\u00bb global_colors_info=\u00bb{}\u00bb][et_pb_column type=\u00bb4_4&#8243; _builder_version=\u00bb4.17.4&#8243; _module_preset=\u00bbdefault\u00bb global_colors_info=\u00bb{}\u00bb][et_pb_text _builder_version=\u00bb4.18.0&#8243; _module_preset=\u00bbdefault\u00bb text_font=\u00bb|700|||||||\u00bb text_text_color=\u00bb#00dbc6&#8243; text_font_size=\u00bb32px\u00bb text_orientation=\u00bbcenter\u00bb custom_margin=\u00bb50px||0px||false|false\u00bb custom_padding=\u00bb0px||0px||false|false\u00bb global_colors_info=\u00bb{}\u00bb]<\/p>\n<h2 style=\"color: #00dbc6;\">Streaming C-Meet<\/h2>\n<p>[\/et_pb_text][et_pb_code _builder_version=\u00bb4.18.0&#8243; _module_preset=\u00bbdefault\u00bb global_colors_info=\u00bb{}\u00bb]<!-- Estilos para el shortcode de expositores -->\r\n<style type=\"text\/css\">\r\n\t.btn-solicitud{\r\n\t\tbackground:#00dbc6;\r\n\t\tcolor:#036;\r\n\t\tborder:outset 1px;\r\n\t\tpadding:12px;\r\n\t\tborder-radius:8px;\r\n\t\tfont-weight:bold;\r\n\t}\r\n\t.btn-solicitud:hover{\r\n\t\tbackground:#00dbc6;\r\n\t\tcolor:#007994;\r\n\t\tborder:inset 1px;\r\n\t}\r\n\t.featured-expositores{\r\n\t\twidth:100%;\r\n\t\tborder:none !important;\r\n\t}\r\n\t.featured-expositores tr th{\r\n\t\tfont-size:120%;\r\n\t\ttext-align:center;\r\n\t}\r\n\t.featured-expositores tr td.logo{\r\n\t\twidth:20%;\r\n\t\ttext-align:left;\r\n\t}\r\n\t.featured-expositores tr td{\r\n\t\tborder-bottom:solid 1px #eee;\r\n\t}\r\n\t.featured-expositores tr td.empresa,.featured-expositores tr td.web, .featured-expositores tr td.onetoone{\r\n\t\twidth:30%;\r\n\t\ttext-align:center;\r\n\t}\r\n\t.featured-expositores tr td.logo img{\r\n\t\tmax-height:100px;\r\n\t}\r\n\t.featured-expositores tr td.web i, .featured-expositores tr td.onetoone i{\r\n\t\tfont-size:150%;\r\n\t}\r\n\t.disabled{color:#ccc !important;}\r\n\t\t.mobile{display:none;}\r\n\r\n@media only screen and (max-device-width: 420px) { \/* smartphones, iPhone, portrait 480x320 phones *\/ \r\n\t\/*.featured-expositores tr td.empresa, .featured-expositores tr th.logo{display:none;}*\/\r\n\t\t.btn-solicitud{\r\n\t\tbackground:#00dbc6;\r\n\t\tcolor:#036;\r\n\t\tborder:outset 1px;\r\n\t\tpadding:12px;\r\n\t\tborder-radius:8px;\r\n\t\tfont-weight:bold;\r\n\t\tfont-size:small;\r\n\t\t\tmargin:10px auto;\r\n\t}\r\n\t.mobile{display:block;}\r\n\t.desktop{display:none;}\r\n\t.logomobile{\r\n\t\twidth:100%;\r\n\t}\r\n\t.resumenmobile{\r\n\t\twidth:100%;\r\n\t\tclear:both;\r\n\t\tmargin:10px auto;\r\n\t\tfont-size: x-small;\r\n    line-height: 1.7em;\r\n\t}\r\n\t.onetoonemobile{\r\n\t\tmargin:20px auto;\r\n\t\tmargin-bottom:40px;\r\n\t}\r\n\t}\t\r\n<\/style>[\/et_pb_code][\/et_pb_column][\/et_pb_row][et_pb_row _builder_version=\u00bb4.18.0&#8243; _module_preset=\u00bbdefault\u00bb width=\u00bb100%\u00bb max_width=\u00bb1440px\u00bb global_colors_info=\u00bb{}\u00bb][et_pb_column type=\u00bb4_4&#8243; _builder_version=\u00bb4.18.0&#8243; _module_preset=\u00bbdefault\u00bb global_colors_info=\u00bb{}\u00bb][et_pb_code _builder_version=\u00bb4.18.0&#8243; _module_preset=\u00bbdefault\u00bb hover_enabled=\u00bb0&#8243; global_colors_info=\u00bb{}\u00bb sticky_enabled=\u00bb0&#8243;]<iframe width=\"100%\" height=\"56%\" src=\"https:\/\/www.youtube.com\/embed\/kLw1w_HX82I?controls=0&#038;rel=1&#038;autoplay=1\" title=\"YouTube video player\" frameborder=\"0\" allow=\"accelerometer; autoplay; clipboard-write; encrypted-media; gyroscope; picture-in-picture\" allowfullscreen><\/iframe>[\/et_pb_code][\/et_pb_column][\/et_pb_row][et_pb_row _builder_version=\u00bb4.18.0&#8243; _module_preset=\u00bbdefault\u00bb global_colors_info=\u00bb{}\u00bb][et_pb_column type=\u00bb4_4&#8243; _builder_version=\u00bb4.18.0&#8243; _module_preset=\u00bbdefault\u00bb global_colors_info=\u00bb{}\u00bb][\/et_pb_column][\/et_pb_row][\/et_pb_section]<\/p>\n","protected":false},"excerpt":{"rendered":"<p>Streaming C-Meet<!-- Estilos para el shortcode de expositores -->\r\n<style type=\"text\/css\">\r\n\t.btn-solicitud{\r\n\t\tbackground:#00dbc6;\r\n\t\tcolor:#036;\r\n\t\tborder:outset 1px;\r\n\t\tpadding:12px;\r\n\t\tborder-radius:8px;\r\n\t\tfont-weight:bold;\r\n\t}\r\n\t.btn-solicitud:hover{\r\n\t\tbackground:#00dbc6;\r\n\t\tcolor:#007994;\r\n\t\tborder:inset 1px;\r\n\t}\r\n\t.featured-expositores{\r\n\t\twidth:100%;\r\n\t\tborder:none !important;\r\n\t}\r\n\t.featured-expositores tr th{\r\n\t\tfont-size:120%;\r\n\t\ttext-align:center;\r\n\t}\r\n\t.featured-expositores tr td.logo{\r\n\t\twidth:20%;\r\n\t\ttext-align:left;\r\n\t}\r\n\t.featured-expositores tr td{\r\n\t\tborder-bottom:solid 1px #eee;\r\n\t}\r\n\t.featured-expositores tr td.empresa,.featured-expositores tr td.web, .featured-expositores tr td.onetoone{\r\n\t\twidth:30%;\r\n\t\ttext-align:center;\r\n\t}\r\n\t.featured-expositores tr td.logo img{\r\n\t\tmax-height:100px;\r\n\t}\r\n\t.featured-expositores tr td.web i, .featured-expositores tr td.onetoone i{\r\n\t\tfont-size:150%;\r\n\t}\r\n\t.disabled{color:#ccc !important;}\r\n\t\t.mobile{display:none;}\r\n\r\n@media only screen and (max-device-width: 420px) { \/* smartphones, iPhone, portrait 480x320 phones *\/ \r\n\t\/*.featured-expositores tr td.empresa, .featured-expositores tr th.logo{display:none;}*\/\r\n\t\t.btn-solicitud{\r\n\t\tbackground:#00dbc6;\r\n\t\tcolor:#036;\r\n\t\tborder:outset 1px;\r\n\t\tpadding:12px;\r\n\t\tborder-radius:8px;\r\n\t\tfont-weight:bold;\r\n\t\tfont-size:small;\r\n\t\t\tmargin:10px auto;\r\n\t}\r\n\t.mobile{display:block;}\r\n\t.desktop{display:none;}\r\n\t.logomobile{\r\n\t\twidth:100%;\r\n\t}\r\n\t.resumenmobile{\r\n\t\twidth:100%;\r\n\t\tclear:both;\r\n\t\tmargin:10px auto;\r\n\t\tfont-size: x-small;\r\n    line-height: 1.7em;\r\n\t}\r\n\t.onetoonemobile{\r\n\t\tmargin:20px auto;\r\n\t\tmargin-bottom:40px;\r\n\t}\r\n\t}\t\r\n<\/style><\/p>\n","protected":false},"author":3,"featured_media":249699,"parent":0,"menu_order":0,"comment_status":"closed","ping_status":"closed","template":"","meta":{"_et_pb_use_builder":"on","_et_pb_old_content":"","_et_gb_content_width":"","cybocfi_hide_featured_image":"","footnotes":""},"class_list":["post-250005","page","type-page","status-publish","has-post-thumbnail","hentry"],"acf":[],"yoast_head":"<!-- This site is optimized with the Yoast SEO plugin v27.4 - https:\/\/yoast.com\/product\/yoast-seo-wordpress\/ -->\n<title>Streaming - C-MEET<\/title>\n<meta name=\"description\" content=\"No te pierdas C-MEET, s\u00edguelo en directo mediante streaming desde la web del evento. El evento tecnol\u00f3gico del a\u00f1o.\" \/>\n<meta name=\"robots\" content=\"index, follow, max-snippet:-1, max-image-preview:large, max-video-preview:-1\" \/>\n<link rel=\"canonical\" href=\"https:\/\/c-meet.es\/2022\/streaming\/\" \/>\n<meta property=\"og:locale\" content=\"es_ES\" \/>\n<meta property=\"og:type\" content=\"article\" \/>\n<meta property=\"og:title\" content=\"Streaming - C-MEET\" \/>\n<meta property=\"og:description\" content=\"No te pierdas C-MEET, s\u00edguelo en directo mediante streaming desde la web del evento. El evento tecnol\u00f3gico del a\u00f1o.\" \/>\n<meta property=\"og:url\" content=\"https:\/\/c-meet.es\/2022\/streaming\/\" \/>\n<meta property=\"og:site_name\" content=\"C-MEET\" \/>\n<meta property=\"article:modified_time\" content=\"2022-09-29T06:13:34+00:00\" \/>\n<meta property=\"og:image\" content=\"https:\/\/c-meet.es\/2022\/wp-content\/uploads\/2022\/09\/Tamano-noticia-1.png\" \/>\n\t<meta property=\"og:image:width\" content=\"800\" \/>\n\t<meta property=\"og:image:height\" content=\"600\" \/>\n\t<meta property=\"og:image:type\" content=\"image\/png\" \/>\n<meta name=\"twitter:card\" content=\"summary_large_image\" \/>\n<meta name=\"twitter:label1\" content=\"Tiempo de lectura\" \/>\n\t<meta name=\"twitter:data1\" content=\"1 minuto\" \/>\n<script type=\"application\/ld+json\" class=\"yoast-schema-graph\">{\"@context\":\"https:\\\/\\\/schema.org\",\"@graph\":[{\"@type\":\"WebPage\",\"@id\":\"https:\\\/\\\/c-meet.es\\\/2022\\\/streaming\\\/\",\"url\":\"https:\\\/\\\/c-meet.es\\\/2022\\\/streaming\\\/\",\"name\":\"Streaming - C-MEET\",\"isPartOf\":{\"@id\":\"https:\\\/\\\/c-meet.es\\\/2022\\\/#website\"},\"primaryImageOfPage\":{\"@id\":\"https:\\\/\\\/c-meet.es\\\/2022\\\/streaming\\\/#primaryimage\"},\"image\":{\"@id\":\"https:\\\/\\\/c-meet.es\\\/2022\\\/streaming\\\/#primaryimage\"},\"thumbnailUrl\":\"https:\\\/\\\/c-meet.es\\\/2022\\\/wp-content\\\/uploads\\\/2022\\\/09\\\/Tamano-noticia-1.png\",\"datePublished\":\"2022-09-27T13:57:04+00:00\",\"dateModified\":\"2022-09-29T06:13:34+00:00\",\"description\":\"No te pierdas C-MEET, s\u00edguelo en directo mediante streaming desde la web del evento. El evento tecnol\u00f3gico del a\u00f1o.\",\"breadcrumb\":{\"@id\":\"https:\\\/\\\/c-meet.es\\\/2022\\\/streaming\\\/#breadcrumb\"},\"inLanguage\":\"es\",\"potentialAction\":[{\"@type\":\"ReadAction\",\"target\":[\"https:\\\/\\\/c-meet.es\\\/2022\\\/streaming\\\/\"]}]},{\"@type\":\"ImageObject\",\"inLanguage\":\"es\",\"@id\":\"https:\\\/\\\/c-meet.es\\\/2022\\\/streaming\\\/#primaryimage\",\"url\":\"https:\\\/\\\/c-meet.es\\\/2022\\\/wp-content\\\/uploads\\\/2022\\\/09\\\/Tamano-noticia-1.png\",\"contentUrl\":\"https:\\\/\\\/c-meet.es\\\/2022\\\/wp-content\\\/uploads\\\/2022\\\/09\\\/Tamano-noticia-1.png\",\"width\":800,\"height\":600},{\"@type\":\"BreadcrumbList\",\"@id\":\"https:\\\/\\\/c-meet.es\\\/2022\\\/streaming\\\/#breadcrumb\",\"itemListElement\":[{\"@type\":\"ListItem\",\"position\":1,\"name\":\"Portada\",\"item\":\"https:\\\/\\\/c-meet.es\\\/2022\\\/\"},{\"@type\":\"ListItem\",\"position\":2,\"name\":\"Streaming\"}]},{\"@type\":\"WebSite\",\"@id\":\"https:\\\/\\\/c-meet.es\\\/2022\\\/#website\",\"url\":\"https:\\\/\\\/c-meet.es\\\/2022\\\/\",\"name\":\"C-MEET\",\"description\":\"Encuentro empresarial para la innovaci\u00f3n y digitalizaci\u00f3n\",\"potentialAction\":[{\"@type\":\"SearchAction\",\"target\":{\"@type\":\"EntryPoint\",\"urlTemplate\":\"https:\\\/\\\/c-meet.es\\\/2022\\\/?s={search_term_string}\"},\"query-input\":{\"@type\":\"PropertyValueSpecification\",\"valueRequired\":true,\"valueName\":\"search_term_string\"}}],\"inLanguage\":\"es\"}]}<\/script>\n<!-- \/ Yoast SEO plugin. -->","yoast_head_json":{"title":"Streaming - C-MEET","description":"No te pierdas C-MEET, s\u00edguelo en directo mediante streaming desde la web del evento. El evento tecnol\u00f3gico del a\u00f1o.","robots":{"index":"index","follow":"follow","max-snippet":"max-snippet:-1","max-image-preview":"max-image-preview:large","max-video-preview":"max-video-preview:-1"},"canonical":"https:\/\/c-meet.es\/2022\/streaming\/","og_locale":"es_ES","og_type":"article","og_title":"Streaming - C-MEET","og_description":"No te pierdas C-MEET, s\u00edguelo en directo mediante streaming desde la web del evento. El evento tecnol\u00f3gico del a\u00f1o.","og_url":"https:\/\/c-meet.es\/2022\/streaming\/","og_site_name":"C-MEET","article_modified_time":"2022-09-29T06:13:34+00:00","og_image":[{"width":800,"height":600,"url":"https:\/\/c-meet.es\/2022\/wp-content\/uploads\/2022\/09\/Tamano-noticia-1.png","type":"image\/png"}],"twitter_card":"summary_large_image","twitter_misc":{"Tiempo de lectura":"1 minuto"},"schema":{"@context":"https:\/\/schema.org","@graph":[{"@type":"WebPage","@id":"https:\/\/c-meet.es\/2022\/streaming\/","url":"https:\/\/c-meet.es\/2022\/streaming\/","name":"Streaming - C-MEET","isPartOf":{"@id":"https:\/\/c-meet.es\/2022\/#website"},"primaryImageOfPage":{"@id":"https:\/\/c-meet.es\/2022\/streaming\/#primaryimage"},"image":{"@id":"https:\/\/c-meet.es\/2022\/streaming\/#primaryimage"},"thumbnailUrl":"https:\/\/c-meet.es\/2022\/wp-content\/uploads\/2022\/09\/Tamano-noticia-1.png","datePublished":"2022-09-27T13:57:04+00:00","dateModified":"2022-09-29T06:13:34+00:00","description":"No te pierdas C-MEET, s\u00edguelo en directo mediante streaming desde la web del evento. El evento tecnol\u00f3gico del a\u00f1o.","breadcrumb":{"@id":"https:\/\/c-meet.es\/2022\/streaming\/#breadcrumb"},"inLanguage":"es","potentialAction":[{"@type":"ReadAction","target":["https:\/\/c-meet.es\/2022\/streaming\/"]}]},{"@type":"ImageObject","inLanguage":"es","@id":"https:\/\/c-meet.es\/2022\/streaming\/#primaryimage","url":"https:\/\/c-meet.es\/2022\/wp-content\/uploads\/2022\/09\/Tamano-noticia-1.png","contentUrl":"https:\/\/c-meet.es\/2022\/wp-content\/uploads\/2022\/09\/Tamano-noticia-1.png","width":800,"height":600},{"@type":"BreadcrumbList","@id":"https:\/\/c-meet.es\/2022\/streaming\/#breadcrumb","itemListElement":[{"@type":"ListItem","position":1,"name":"Portada","item":"https:\/\/c-meet.es\/2022\/"},{"@type":"ListItem","position":2,"name":"Streaming"}]},{"@type":"WebSite","@id":"https:\/\/c-meet.es\/2022\/#website","url":"https:\/\/c-meet.es\/2022\/","name":"C-MEET","description":"Encuentro empresarial para la innovaci\u00f3n y digitalizaci\u00f3n","potentialAction":[{"@type":"SearchAction","target":{"@type":"EntryPoint","urlTemplate":"https:\/\/c-meet.es\/2022\/?s={search_term_string}"},"query-input":{"@type":"PropertyValueSpecification","valueRequired":true,"valueName":"search_term_string"}}],"inLanguage":"es"}]}},"_links":{"self":[{"href":"https:\/\/c-meet.es\/2022\/wp-json\/wp\/v2\/pages\/250005","targetHints":{"allow":["GET"]}}],"collection":[{"href":"https:\/\/c-meet.es\/2022\/wp-json\/wp\/v2\/pages"}],"about":[{"href":"https:\/\/c-meet.es\/2022\/wp-json\/wp\/v2\/types\/page"}],"author":[{"embeddable":true,"href":"https:\/\/c-meet.es\/2022\/wp-json\/wp\/v2\/users\/3"}],"replies":[{"embeddable":true,"href":"https:\/\/c-meet.es\/2022\/wp-json\/wp\/v2\/comments?post=250005"}],"version-history":[{"count":11,"href":"https:\/\/c-meet.es\/2022\/wp-json\/wp\/v2\/pages\/250005\/revisions"}],"predecessor-version":[{"id":250056,"href":"https:\/\/c-meet.es\/2022\/wp-json\/wp\/v2\/pages\/250005\/revisions\/250056"}],"wp:featuredmedia":[{"embeddable":true,"href":"https:\/\/c-meet.es\/2022\/wp-json\/wp\/v2\/media\/249699"}],"wp:attachment":[{"href":"https:\/\/c-meet.es\/2022\/wp-json\/wp\/v2\/media?parent=250005"}],"curies":[{"name":"wp","href":"https:\/\/api.w.org\/{rel}","templated":true}]}}