{"id":249218,"date":"2022-08-05T20:42:01","date_gmt":"2022-08-05T19:42:01","guid":{"rendered":"https:\/\/c-meet.es\/2022\/?page_id=249218"},"modified":"2022-08-05T20:42:01","modified_gmt":"2022-08-05T19:42:01","slug":"registro","status":"publish","type":"page","link":"https:\/\/c-meet.es\/2022\/registro\/","title":{"rendered":"Registro"},"content":{"rendered":"<div class='fluentform ff-default fluentform_wrapper_5 ffs_default_wrap'><form data-form_id=\"5\" id=\"fluentform_5\" class=\"frm-fluent-form fluent_form_5 ff-el-form-top ff_form_instance_5_1 ff-form-loading formregistro ffs_default\" data-form_instance=\"ff_form_instance_5_1\" method=\"POST\" ><fieldset  style=\"border: none!important;margin: 0!important;padding: 0!important;background-color: transparent!important;box-shadow: none!important;outline: none!important; min-inline-size: 100%;\">\n                    <legend class=\"ff_screen_reader_title\" style=\"display: block; margin: 0!important;padding: 0!important;height: 0!important;text-indent: -999999px;width: 0!important;overflow:hidden;\">Registro de Participantes<\/legend><p style=\"display: none !important;\" class=\"akismet-fields-container\" data-prefix=\"ak_\"><label>&#916;<textarea name=\"ak_hp_textarea\" cols=\"45\" rows=\"8\" maxlength=\"100\"><\/textarea><\/label><input type=\"hidden\" id=\"ak_js_1\" name=\"ak_js\" value=\"49\"\/><script type=\"text\/javascript\">\n\/* <![CDATA[ *\/\ndocument.getElementById( \"ak_js_1\" ).setAttribute( \"value\", ( new Date() ).getTime() );\n\/* ]]> *\/\n<\/script>\n<\/p><input type='hidden' name='__fluent_form_embded_post_id' value='249218' \/><input type=\"hidden\" id=\"_fluentform_5_fluentformnonce\" name=\"_fluentform_5_fluentformnonce\" value=\"ef552e3b99\" \/><input type=\"hidden\" name=\"_wp_http_referer\" value=\"\/2022\/wp-json\/wp\/v2\/pages\/249218\" \/><div class='ff-el-group  ff-custom_html' tabindex='-1' data-name=\"custom_html-5_1\" ><p style=\"text-align: center;color: #00dbc6;font-size: 24px\"><strong>\u00a1TE DAMOS LA BIENVENIDA<br \/>AL C-MEET!<\/strong><\/p><\/div><div data-name=\"ff_cn_id_1\"  class='ff-t-container ff-column-container ff_columns_total_2 '><div class='ff-t-cell ff-t-column-1' style='flex-basis: 50%;'><div class='ff-el-group ff-el-form-hide_label'><div class=\"ff-el-input--label ff-el-is-required asterisk-right\"><label for='ff_5_nombre' id='label_ff_5_nombre' aria-label=\"Nombre\">Nombre<\/label><\/div><div class='ff-el-input--content'><input type=\"text\" name=\"nombre\" class=\"ff-el-form-control\" placeholder=\"Nombre\" maxlength=\"30\" data-name=\"nombre\" id=\"ff_5_nombre\"  aria-invalid=\"false\" aria-required=true><\/div><\/div><\/div><div class='ff-t-cell ff-t-column-2' style='flex-basis: 50%;'><div class='ff-el-group ff-el-form-hide_label'><div class=\"ff-el-input--label ff-el-is-required asterisk-right\"><label for='ff_5_apellidos' id='label_ff_5_apellidos' aria-label=\"Apellidos\">Apellidos<\/label><\/div><div class='ff-el-input--content'><input type=\"text\" name=\"apellidos\" class=\"ff-el-form-control\" placeholder=\"Apellidos\" maxlength=\"30\" data-name=\"apellidos\" id=\"ff_5_apellidos\"  aria-invalid=\"false\" aria-required=true><\/div><\/div><\/div><\/div><div data-name=\"ff_cn_id_2\"  class='ff-t-container ff-column-container ff_columns_total_2 '><div class='ff-t-cell ff-t-column-1' style='flex-basis: 50%;'><div class='ff-el-group ff-el-form-hide_label'><div class=\"ff-el-input--label ff-el-is-required asterisk-right\"><label for='ff_5_telefono' id='label_ff_5_telefono' aria-label=\"Tel\u00e9fono\">Tel\u00e9fono<\/label><\/div><div class='ff-el-input--content'><input type=\"text\" name=\"telefono\" class=\"ff-el-form-control\" placeholder=\"Tel\u00e9fono\" maxlength=\"9\" data-name=\"telefono\" id=\"ff_5_telefono\"  aria-invalid=\"false\" aria-required=true><\/div><\/div><\/div><div class='ff-t-cell ff-t-column-2' style='flex-basis: 50%;'><div class='ff-el-group ff-el-form-hide_label'><div class=\"ff-el-input--label ff-el-is-required asterisk-right\"><label for='ff_5_email' id='label_ff_5_email' aria-label=\"Correo electr\u00f3nico\">Correo electr\u00f3nico<\/label><\/div><div class='ff-el-input--content'><input type=\"email\" name=\"email\" id=\"ff_5_email\" class=\"ff-el-form-control\" placeholder=\"Correo Electr\u00f3nico\" data-name=\"email\"  aria-invalid=\"false\" aria-required=true><\/div><\/div><\/div><\/div><div data-name=\"ff_cn_id_3\"  class='ff-t-container ff-column-container ff_columns_total_2 '><div class='ff-t-cell ff-t-column-1' style='flex-basis: 50%;'><div class='ff-el-group ff-el-form-hide_label'><div class=\"ff-el-input--label ff-el-is-required asterisk-right\"><label for='ff_5_nif' id='label_ff_5_nif' aria-label=\"NIF\">NIF<\/label><\/div><div class='ff-el-input--content'><input type=\"text\" name=\"nif\" class=\"ff-el-form-control\" placeholder=\"NIF\" maxlength=\"9\" data-name=\"nif\" id=\"ff_5_nif\"  aria-invalid=\"false\" aria-required=true><\/div><\/div><\/div><div class='ff-t-cell ff-t-column-2' style='flex-basis: 50%;'><div class='ff-el-group ff-el-form-hide_label'><div class=\"ff-el-input--label ff-el-is-required asterisk-right\"><label for='ff_5_tipoempresa' id='label_ff_5_tipoempresa' aria-label=\"Tipo de Organizaci\u00f3n\">Tipo de Organizaci\u00f3n<\/label><\/div><div class='ff-el-input--content'><select name=\"tipoempresa\" id=\"ff_5_tipoempresa\" class=\"ff-el-form-control\" data-name=\"tipoempresa\" data-calc_value=\"0\"  aria-invalid=\"false\" aria-required=\"true\" aria-labelledby=\"label_ff_5_tipoempresa\"><option value=\"\">Tipo de Organizaci\u00f3n<\/option><option value=\"Autonomo\"  >Aut\u00f3nomo<\/option><option value=\"Empresa\"  >Empresa<\/option><option value=\"Asociacion\"  >Asociaci\u00f3n<\/option><\/select><\/div><\/div><\/div><\/div><div data-name=\"ff_cn_id_4\"  class='ff-t-container ff-column-container ff_columns_total_2 '><div class='ff-t-cell ff-t-column-1' style='flex-basis: 50%;'><div class='ff-el-group ff-el-form-hide_label has-conditions'><div class=\"ff-el-input--label ff-el-is-required asterisk-right\"><label for='ff_5_organizacion' id='label_ff_5_organizacion' aria-label=\"Organizaci\u00f3n\/Empresa\">Organizaci\u00f3n\/Empresa<\/label><\/div><div class='ff-el-input--content'><input type=\"text\" name=\"organizacion\" class=\"ff-el-form-control\" placeholder=\"Organizaci\u00f3n\/Empresa\" maxlength=\"50\" data-name=\"organizacion\" id=\"ff_5_organizacion\"  aria-invalid=\"false\" aria-required=true><\/div><\/div><\/div><div class='ff-t-cell ff-t-column-2' style='flex-basis: 50%;'><div class='ff-el-group ff-el-form-hide_label has-conditions'><div class=\"ff-el-input--label ff-el-is-required asterisk-right\"><label for='ff_5_cif' id='label_ff_5_cif' aria-label=\"CIF\">CIF<\/label><\/div><div class='ff-el-input--content'><input type=\"text\" name=\"cif\" class=\"ff-el-form-control\" placeholder=\"CIF\" maxlength=\"9\" data-name=\"cif\" id=\"ff_5_cif\"  aria-invalid=\"false\" aria-required=true><\/div><\/div><\/div><\/div><div data-name=\"ff_cn_id_5\"  class='ff-t-container ff-column-container ff_columns_total_2 '><div class='ff-t-cell ff-t-column-1' style='flex-basis: 50%;'><div class='ff-el-group ff-el-form-hide_label has-conditions'><div class=\"ff-el-input--label asterisk-right\"><label for='ff_5_input_text' id='label_ff_5_input_text' aria-label=\"Departamento\">Departamento<\/label><\/div><div class='ff-el-input--content'><input type=\"text\" name=\"input_text\" class=\"ff-el-form-control\" placeholder=\"Departamento\" maxlength=\"30\" data-name=\"input_text\" id=\"ff_5_input_text\"  aria-invalid=\"false\" aria-required=false><\/div><\/div><\/div><div class='ff-t-cell ff-t-column-2' style='flex-basis: 50%;'><div class='ff-el-group ff-el-form-hide_label has-conditions'><div class=\"ff-el-input--label asterisk-right\"><label for='ff_5_cargo' id='label_ff_5_cargo' aria-label=\"Cargo\">Cargo<\/label><\/div><div class='ff-el-input--content'><input type=\"text\" name=\"cargo\" class=\"ff-el-form-control\" placeholder=\"Cargo\" data-name=\"cargo\" id=\"ff_5_cargo\"  aria-invalid=\"false\" aria-required=false><\/div><\/div><\/div><\/div><div data-name=\"ff_cn_id_6\"  class='ff-t-container ff-column-container ff_columns_total_2 '><div class='ff-t-cell ff-t-column-1' style='flex-basis: 50%;'><\/div><div class='ff-t-cell ff-t-column-2' style='flex-basis: 50%;'><\/div><\/div><div class='ff-el-group    ff-el-input--content'><div class='ff-el-form-check ff-el-tc'><label aria-label='Al marcar esta casilla doy mi consentimiento para recoger y tratar mis datos a trav\u00e9s de este formulario.\n\nCEOE-CEPYME Cantabria, con NIF: G39023007, Calle Rualasal, n\u00ba 8, 6\u00ba, 39001-Santander, como Responsable del Tratamiento tratar\u00e1 sus datos personales con la finalidad de atender y gestionar la informaci\u00f3n necesaria para inscribir al interesado en el programa y para el env\u00edo de comunicaciones relacionadas con el evento. El interesado\/a puede ejercitar sus derechos de acceso, rectificaci\u00f3n, supresi\u00f3n, portabilidad y la limitaci\u00f3n u oposici\u00f3n, as\u00ed como, retirar su consentimiento mediante comunicaci\u00f3n escrita, acompa\u00f1ada de copia de un documento identificativo v\u00e1lido, dirigida por correo ordinario a calle Rualasal, n\u00ba 8, 6\u00ba, 39001-Santander o mediante el env\u00edo de un mensaje de correo electr\u00f3nico a info@ceoecantabria.es, bien desde la direcci\u00f3n que haya facilitado en el registro o como medio de contacto, indicando la referencia \u201cEjercicio derechos protecci\u00f3n de datos\u201d y adjuntando copia de documento identificativo, as\u00ed como a reclamar ante la Autoridad de Control (Agencia Espa\u00f1ola de Protecci\u00f3n de Datos: www.aepd.es). Para m\u00e1s informaci\u00f3n le recomendamos que lea nuestra Pol\u00edtica de Privacidad\u201d' class='ff-el-form-check-label ff_tc_label' for=gdpr-agreement_551b341de6f019e134872df96824757c><span class='ff_tc_checkbox'><input type=\"checkbox\" name=\"gdpr-agreement\" class=\"ff-el-form-check-input ff_gdpr_field\" data-name=\"gdpr-agreement\" id=\"gdpr-agreement_551b341de6f019e134872df96824757c\"  value='on' aria-invalid='false' aria-required=true><\/span> <div class='ff_t_c'>Al marcar esta casilla doy mi consentimiento para recoger y tratar mis datos a trav\u00e9s de este formulario.\n\n<span style=\"font-size:8pt;line-height:8pt\">CEOE-CEPYME Cantabria, con NIF: G39023007, Calle Rualasal, n\u00ba 8, 6\u00ba, 39001-Santander, como Responsable del Tratamiento tratar\u00e1 sus datos personales con la finalidad de atender y gestionar la informaci\u00f3n necesaria para inscribir al interesado en el programa y para el env\u00edo de comunicaciones relacionadas con el evento. El interesado\/a puede ejercitar sus derechos de acceso, rectificaci\u00f3n, supresi\u00f3n, portabilidad y la limitaci\u00f3n u oposici\u00f3n, as\u00ed como, retirar su consentimiento mediante comunicaci\u00f3n escrita, acompa\u00f1ada de copia de un documento identificativo v\u00e1lido, dirigida por correo ordinario a calle Rualasal, n\u00ba 8, 6\u00ba, 39001-Santander o mediante el env\u00edo de un mensaje de correo electr\u00f3nico a info@ceoecantabria.es, bien desde la direcci\u00f3n que haya facilitado en el registro o como medio de contacto, indicando la referencia \u201cEjercicio derechos protecci\u00f3n de datos\u201d y adjuntando copia de documento identificativo, as\u00ed como a reclamar ante la Autoridad de Control (Agencia Espa\u00f1ola de Protecci\u00f3n de Datos: www.aepd.es). Para m\u00e1s informaci\u00f3n le recomendamos que lea nuestra Pol\u00edtica de Privacidad\u201d<\/span><\/div><\/label><\/div><\/div><div class='ff-el-group ff-text-center ff_submit_btn_wrapper'><button type=\"submit\" class=\"ff-btn ff-btn-submit ff-btn-md registrobutton ff_btn_style\"  aria-label=\"Registrarme\">Registrarme<\/button><\/div><\/fieldset><\/form><div id='fluentform_5_errors' class='ff-errors-in-stack ff_form_instance_5_1 ff-form-loading_errors ff_form_instance_5_1_errors'><\/div><\/div>            <script type=\"text\/javascript\">\n                window.fluent_form_ff_form_instance_5_1 = {\"id\":\"5\",\"ajaxUrl\":\"https:\\\/\\\/c-meet.es\\\/2022\\\/wp-admin\\\/admin-ajax.php\",\"settings\":{\"layout\":{\"labelPlacement\":\"top\",\"helpMessagePlacement\":\"with_label\",\"errorMessagePlacement\":\"inline\",\"asteriskPlacement\":\"asterisk-right\"},\"restrictions\":{\"denyEmptySubmission\":{\"enabled\":false}}},\"form_instance\":\"ff_form_instance_5_1\",\"form_id_selector\":\"fluentform_5\",\"rules\":{\"nombre\":{\"required\":{\"value\":true,\"message\":\"Requerido\"}},\"apellidos\":{\"required\":{\"value\":true,\"message\":\"Requerido\"}},\"telefono\":{\"required\":{\"value\":true,\"message\":\"Requerido\"}},\"email\":{\"required\":{\"value\":true,\"message\":\"Requerido\"},\"email\":{\"value\":true,\"message\":\"Este campo debe contener un correo electr\\u00f3nico v\\u00e1lido\"}},\"nif\":{\"required\":{\"value\":true,\"message\":\"Requerido\"}},\"tipoempresa\":{\"required\":{\"value\":true,\"message\":\"Requerido\"}},\"organizacion\":{\"required\":{\"value\":true,\"message\":\"Campo obligatorio\"}},\"cif\":{\"required\":{\"value\":true,\"message\":\"Requerido\"}},\"input_text\":{\"required\":{\"value\":false,\"message\":\"This field is required\"}},\"cargo\":{\"required\":{\"value\":false,\"message\":\"Requerido\"}},\"gdpr-agreement\":{\"required\":{\"value\":true,\"message\":\"Debe marcar la casilla para continuar\"}}},\"debounce_time\":300,\"conditionals\":{\"organizacion\":{\"type\":\"any\",\"status\":true,\"conditions\":[{\"field\":\"tipoempresa\",\"value\":\"Autonomo\",\"operator\":\"!=\"}]},\"cif\":{\"type\":\"any\",\"status\":true,\"conditions\":[{\"field\":\"tipoempresa\",\"value\":\"Autonomo\",\"operator\":\"!=\"}]},\"input_text\":{\"type\":\"any\",\"status\":true,\"conditions\":[{\"field\":\"tipoempresa\",\"value\":\"Autonomo\",\"operator\":\"!=\"}]},\"cargo\":{\"type\":\"any\",\"status\":true,\"conditions\":[{\"field\":\"tipoempresa\",\"value\":\"Autonomo\",\"operator\":\"!=\"}]}}};\n                            <\/script>\n            \n","protected":false},"excerpt":{"rendered":"","protected":false},"author":7,"featured_media":0,"parent":0,"menu_order":0,"comment_status":"closed","ping_status":"closed","template":"","meta":{"_et_pb_use_builder":"","_et_pb_old_content":"","_et_gb_content_width":"","cybocfi_hide_featured_image":"","footnotes":""},"class_list":["post-249218","page","type-page","status-publish","hentry"],"acf":[],"yoast_head":"<!-- This site is optimized with the Yoast SEO plugin v27.5 - https:\/\/yoast.com\/product\/yoast-seo-wordpress\/ -->\n<title>Registro - C-MEET<\/title>\n<meta name=\"description\" content=\"Reg\u00edstrate ahora en C-Meet y participa los pr\u00f3ximos 28 y 29 en el evento de networking del futuro tanto online como presencial.\" \/>\n<meta name=\"robots\" content=\"index, follow, max-snippet:-1, max-image-preview:large, max-video-preview:-1\" \/>\n<link rel=\"canonical\" href=\"https:\/\/c-meet.es\/2022\/registro\/\" \/>\n<meta property=\"og:locale\" content=\"es_ES\" \/>\n<meta property=\"og:type\" content=\"article\" \/>\n<meta property=\"og:title\" content=\"Registro - C-MEET\" \/>\n<meta property=\"og:description\" content=\"Reg\u00edstrate ahora en C-Meet y participa los pr\u00f3ximos 28 y 29 en el evento de networking del futuro tanto online como presencial.\" \/>\n<meta property=\"og:url\" content=\"https:\/\/c-meet.es\/2022\/registro\/\" \/>\n<meta property=\"og:site_name\" content=\"C-MEET\" \/>\n<meta name=\"twitter:card\" content=\"summary_large_image\" \/>\n<meta name=\"twitter:label1\" content=\"Tiempo de lectura\" \/>\n\t<meta name=\"twitter:data1\" content=\"1 minuto\" \/>\n<script type=\"application\/ld+json\" class=\"yoast-schema-graph\">{\"@context\":\"https:\\\/\\\/schema.org\",\"@graph\":[{\"@type\":\"WebPage\",\"@id\":\"https:\\\/\\\/c-meet.es\\\/2022\\\/registro\\\/\",\"url\":\"https:\\\/\\\/c-meet.es\\\/2022\\\/registro\\\/\",\"name\":\"Registro - C-MEET\",\"isPartOf\":{\"@id\":\"https:\\\/\\\/c-meet.es\\\/2022\\\/#website\"},\"datePublished\":\"2022-08-05T19:42:01+00:00\",\"description\":\"Reg\u00edstrate ahora en C-Meet y participa los pr\u00f3ximos 28 y 29 en el evento de networking del futuro tanto online como presencial.\",\"breadcrumb\":{\"@id\":\"https:\\\/\\\/c-meet.es\\\/2022\\\/registro\\\/#breadcrumb\"},\"inLanguage\":\"es\",\"potentialAction\":[{\"@type\":\"ReadAction\",\"target\":[\"https:\\\/\\\/c-meet.es\\\/2022\\\/registro\\\/\"]}]},{\"@type\":\"BreadcrumbList\",\"@id\":\"https:\\\/\\\/c-meet.es\\\/2022\\\/registro\\\/#breadcrumb\",\"itemListElement\":[{\"@type\":\"ListItem\",\"position\":1,\"name\":\"Portada\",\"item\":\"https:\\\/\\\/c-meet.es\\\/2022\\\/\"},{\"@type\":\"ListItem\",\"position\":2,\"name\":\"Registro\"}]},{\"@type\":\"WebSite\",\"@id\":\"https:\\\/\\\/c-meet.es\\\/2022\\\/#website\",\"url\":\"https:\\\/\\\/c-meet.es\\\/2022\\\/\",\"name\":\"C-MEET\",\"description\":\"Encuentro empresarial para la innovaci\u00f3n y digitalizaci\u00f3n\",\"potentialAction\":[{\"@type\":\"SearchAction\",\"target\":{\"@type\":\"EntryPoint\",\"urlTemplate\":\"https:\\\/\\\/c-meet.es\\\/2022\\\/?s={search_term_string}\"},\"query-input\":{\"@type\":\"PropertyValueSpecification\",\"valueRequired\":true,\"valueName\":\"search_term_string\"}}],\"inLanguage\":\"es\"}]}<\/script>\n<!-- \/ Yoast SEO plugin. -->","yoast_head_json":{"title":"Registro - C-MEET","description":"Reg\u00edstrate ahora en C-Meet y participa los pr\u00f3ximos 28 y 29 en el evento de networking del futuro tanto online como presencial.","robots":{"index":"index","follow":"follow","max-snippet":"max-snippet:-1","max-image-preview":"max-image-preview:large","max-video-preview":"max-video-preview:-1"},"canonical":"https:\/\/c-meet.es\/2022\/registro\/","og_locale":"es_ES","og_type":"article","og_title":"Registro - C-MEET","og_description":"Reg\u00edstrate ahora en C-Meet y participa los pr\u00f3ximos 28 y 29 en el evento de networking del futuro tanto online como presencial.","og_url":"https:\/\/c-meet.es\/2022\/registro\/","og_site_name":"C-MEET","twitter_card":"summary_large_image","twitter_misc":{"Tiempo de lectura":"1 minuto"},"schema":{"@context":"https:\/\/schema.org","@graph":[{"@type":"WebPage","@id":"https:\/\/c-meet.es\/2022\/registro\/","url":"https:\/\/c-meet.es\/2022\/registro\/","name":"Registro - C-MEET","isPartOf":{"@id":"https:\/\/c-meet.es\/2022\/#website"},"datePublished":"2022-08-05T19:42:01+00:00","description":"Reg\u00edstrate ahora en C-Meet y participa los pr\u00f3ximos 28 y 29 en el evento de networking del futuro tanto online como presencial.","breadcrumb":{"@id":"https:\/\/c-meet.es\/2022\/registro\/#breadcrumb"},"inLanguage":"es","potentialAction":[{"@type":"ReadAction","target":["https:\/\/c-meet.es\/2022\/registro\/"]}]},{"@type":"BreadcrumbList","@id":"https:\/\/c-meet.es\/2022\/registro\/#breadcrumb","itemListElement":[{"@type":"ListItem","position":1,"name":"Portada","item":"https:\/\/c-meet.es\/2022\/"},{"@type":"ListItem","position":2,"name":"Registro"}]},{"@type":"WebSite","@id":"https:\/\/c-meet.es\/2022\/#website","url":"https:\/\/c-meet.es\/2022\/","name":"C-MEET","description":"Encuentro empresarial para la innovaci\u00f3n y digitalizaci\u00f3n","potentialAction":[{"@type":"SearchAction","target":{"@type":"EntryPoint","urlTemplate":"https:\/\/c-meet.es\/2022\/?s={search_term_string}"},"query-input":{"@type":"PropertyValueSpecification","valueRequired":true,"valueName":"search_term_string"}}],"inLanguage":"es"}]}},"_links":{"self":[{"href":"https:\/\/c-meet.es\/2022\/wp-json\/wp\/v2\/pages\/249218","targetHints":{"allow":["GET"]}}],"collection":[{"href":"https:\/\/c-meet.es\/2022\/wp-json\/wp\/v2\/pages"}],"about":[{"href":"https:\/\/c-meet.es\/2022\/wp-json\/wp\/v2\/types\/page"}],"author":[{"embeddable":true,"href":"https:\/\/c-meet.es\/2022\/wp-json\/wp\/v2\/users\/7"}],"replies":[{"embeddable":true,"href":"https:\/\/c-meet.es\/2022\/wp-json\/wp\/v2\/comments?post=249218"}],"version-history":[{"count":2,"href":"https:\/\/c-meet.es\/2022\/wp-json\/wp\/v2\/pages\/249218\/revisions"}],"predecessor-version":[{"id":249220,"href":"https:\/\/c-meet.es\/2022\/wp-json\/wp\/v2\/pages\/249218\/revisions\/249220"}],"wp:attachment":[{"href":"https:\/\/c-meet.es\/2022\/wp-json\/wp\/v2\/media?parent=249218"}],"curies":[{"name":"wp","href":"https:\/\/api.w.org\/{rel}","templated":true}]}}